{"id":4376,"date":"2026-04-02T08:08:06","date_gmt":"2026-04-02T06:08:06","guid":{"rendered":"https:\/\/miladasprivategarden.sk\/produkt\/miladas-private-garden-2026-06-15-1500\/"},"modified":"2026-05-01T10:39:13","modified_gmt":"2026-05-01T08:39:13","slug":"miladas-private-garden-2026-06-15-1500","status":"publish","type":"product","link":"https:\/\/miladasprivategarden.sk\/hu\/produkt\/miladas-private-garden-2026-06-15-1500\/","title":{"rendered":"Kertl\u00e1togat\u00e1s \u2013 Milada\u2019s Private Garden"},"content":{"rendered":"<p>Fedezze fel a Milada\u2019s Private Garden mag\u00e1nkert egyed\u00fcl\u00e1ll\u00f3 hangulat\u00e1t.<\/p>\n<p>Ez a bel\u00e9p\u0151 lehet\u0151v\u00e9 teszi, hogy megl\u00e1togassa a Bogya k\u00f6zs\u00e9gben tal\u00e1lhat\u00f3 \u00f6kol\u00f3giai kertet, ahol a term\u00e9szet, az inspir\u00e1ci\u00f3 \u00e9s a nyugalom harmonikus eg\u00e9ssz\u00e9 kapcsol\u00f3dik \u00f6ssze.<\/p>\n<p>A l\u00e1togat\u00e1s sor\u00e1n \u00e9lvezheti:<br \/>\n\u2013 s\u00e9t\u00e1t a vir\u00e1gz\u00f3 \u00e1gy\u00e1sok \u00e9s d\u00edszn\u00f6v\u00e9nyek k\u00f6z\u00f6tt<br \/>\n\u2013 term\u00e9szetes tavat \u00e9s pihen\u0151z\u00f3n\u00e1kat<br \/>\n\u2013 inspir\u00e1ci\u00f3t saj\u00e1t kertj\u00e9hez<br \/>\n\u2013 nyugodt, term\u00e9szettel \u00f6sszhangban l\u00e9v\u0151 k\u00f6rnyezetet<\/p>\n<p>Fontos inform\u00e1ci\u00f3k:<br \/>\n\u2013 a bel\u00e9p\u0151 csak a megadott d\u00e1tumra \u00e9s id\u0151pontra \u00e9rv\u00e9nyes<br \/>\n\u2013 k\u00e9rj\u00fck, \u00e9rkezzen pontosan<br \/>\n\u2013 a kert mag\u00e1nter\u00fclet, k\u00e9rj\u00fck, tartsa be a tulajdonos utas\u00edt\u00e1sait<br \/>\n\u2013 a bel\u00e9p\u0151t elektronikus vagy nyomtatott form\u00e1ban hozza mag\u00e1val<\/p>\n<p>Szeretettel v\u00e1rjuk l\u00e1togat\u00e1s\u00e1t!<\/p>\n","protected":false},"excerpt":{"rendered":"<p>Fedezze fel a Milada\u2019s Private Garden mag\u00e1nkert egyed\u00fcl\u00e1ll\u00f3 hangulat\u00e1t. Ez a bel\u00e9p\u0151 lehet\u0151v\u00e9 teszi, hogy megl\u00e1togassa a Bogya k\u00f6zs\u00e9gben tal\u00e1lhat\u00f3 \u00f6kol\u00f3giai kertet, ahol a term\u00e9szet, az inspir\u00e1ci\u00f3 \u00e9s a nyugalom harmonikus eg\u00e9ssz\u00e9 kapcsol\u00f3dik \u00f6ssze. A l\u00e1togat\u00e1s sor\u00e1n \u00e9lvezheti: \u2013 s\u00e9t\u00e1t a vir\u00e1gz\u00f3 \u00e1gy\u00e1sok \u00e9s d\u00edszn\u00f6v\u00e9nyek k\u00f6z\u00f6tt \u2013 term\u00e9szetes tavat \u00e9s pihen\u0151z\u00f3n\u00e1kat \u2013 inspir\u00e1ci\u00f3t saj\u00e1t kertj\u00e9hez [&hellip;]<\/p>\n","protected":false},"author":1,"featured_media":4357,"template":"","meta":{"_uag_custom_page_level_css":"","site-sidebar-layout":"default","site-content-layout":"","ast-site-content-layout":"default","site-content-style":"default","site-sidebar-style":"default","ast-global-header-display":"","ast-banner-title-visibility":"","ast-main-header-display":"","ast-hfb-above-header-display":"","ast-hfb-below-header-display":"","ast-hfb-mobile-header-display":"","site-post-title":"","ast-breadcrumbs-content":"","ast-featured-img":"","footer-sml-layout":"","ast-disable-related-posts":"","theme-transparent-header-meta":"default","adv-header-id-meta":"","stick-header-meta":"default","header-above-stick-meta":"","header-main-stick-meta":"","header-below-stick-meta":"","astra-migrate-meta-layouts":"set","ast-page-background-enabled":"default","ast-page-background-meta":{"desktop":{"background-color":"","background-image":"","background-repeat":"repeat","background-position":"center center","background-size":"auto","background-attachment":"scroll","background-type":"","background-media":"","overlay-type":"","overlay-color":"","overlay-opacity":"","overlay-gradient":""},"tablet":{"background-color":"","background-image":"","background-repeat":"repeat","background-position":"center center","background-size":"auto","background-attachment":"scroll","background-type":"","background-media":"","overlay-type":"","overlay-color":"","overlay-opacity":"","overlay-gradient":""},"mobile":{"background-color":"","background-image":"","background-repeat":"repeat","background-position":"center center","background-size":"auto","background-attachment":"scroll","background-type":"","background-media":"","overlay-type":"","overlay-color":"","overlay-opacity":"","overlay-gradient":""}},"ast-content-background-meta":{"desktop":{"background-color":"var(--ast-global-color-4)","background-image":"","background-repeat":"repeat","background-position":"center center","background-size":"auto","background-attachment":"scroll","background-type":"","background-media":"","overlay-type":"","overlay-color":"","overlay-opacity":"","overlay-gradient":""},"tablet":{"background-color":"var(--ast-global-color-4)","background-image":"","background-repeat":"repeat","background-position":"center center","background-size":"auto","background-attachment":"scroll","background-type":"","background-media":"","overlay-type":"","overlay-color":"","overlay-opacity":"","overlay-gradient":""},"mobile":{"background-color":"var(--ast-global-color-4)","background-image":"","background-repeat":"repeat","background-position":"center center","background-size":"auto","background-attachment":"scroll","background-type":"","background-media":"","overlay-type":"","overlay-color":"","overlay-opacity":"","overlay-gradient":""}}},"product_brand":[],"product_cat":[35],"product_tag":[],"class_list":{"0":"post-4376","1":"product","2":"type-product","3":"status-publish","4":"has-post-thumbnail","6":"product_cat-jegyek","7":"desktop-align-left","8":"tablet-align-left","9":"mobile-align-left","10":"ast-product-gallery-layout-first-image-large","11":"ast-product-gallery-with-no-image","12":"ast-magnify-disabled","13":"ast-product-tabs-layout-horizontal","15":"first","16":"instock","17":"virtual","18":"purchasable","19":"product-type-simple"},"spectra_custom_meta":{"copied_media_ids":["a:0:{}"],"referenced_media_ids":["a:1:{i:0;i:4261;}"],"total_sales":["4"],"_tax_status":["none"],"_tax_class":["nulova-sadzba"],"_backorders":["no"],"_sold_individually":["no"],"_virtual":["yes"],"_downloadable":["no"],"_download_limit":["-1"],"_download_expiry":["-1"],"_stock_status":["instock"],"_wc_average_rating":[0],"_wc_review_count":["0"],"_product_version":["10.7.0"],"_wpml_word_count":["151"],"fooevents_bookings_options_serialized":["{\"mmgmvadtrmqobttryshz\":{\"label\":\"\",\"hour\":\"16\",\"minute\":\"00\",\"period\":\"\",\"formatted_time\":\"(16:00)\",\"unformatted_time\":\"16:00\",\"add_time\":\"enabled\",\"add_date\":{\"agyvazbkcofdlbwteqsq\":{\"date\":\"6. j\u00fan 2026\",\"stock\":\"20\"},\"oomnpzgkqntjnwigaquv\":{\"date\":\"13. j\u00fan 2026\",\"stock\":\"20\"},\"tbvlbvyijvubuahswijt\":{\"date\":\"20. j\u00fan 2026\",\"stock\":\"20\"},\"sbcvimjyvoewiznruxhc\":{\"date\":\"27. j\u00fan 2026\",\"stock\":20}}}}"],"FooEventsPDFTicketsEmailText":[""],"FooEventsTicketFooterText":[""],"WooCommerceEventsEvent":["Event"],"WooCommerceEventsDate":[""],"WooCommerceEventsDateMySQLFormat":["1970-01-01 00:00:00"],"WooCommerceEventsDateTimestamp":["0"],"WooCommerceEventsDateTimeTimestamp":["0"],"WooCommerceEventsEndDate":[""],"WooCommerceEventsEndDateMySQLFormat":["1970-01-01 00:00:00"],"WooCommerceEventsEndDateTimestamp":["0"],"WooCommerceEventsEndDateTimeTimestamp":["0"],"WooCommerceEventsType":["bookings"],"WooCommerceEventsExpire":[""],"WooCommerceEventsExpireTimestamp":[""],"WooCommerceEventsBookingsExpirePassedDate":["off"],"WooCommerceEventsBookingsExpireValue":["off"],"WooCommerceEventsBookingsExpireUnit":["off"],"WooCommerceEventsTicketExpirationType":["select"],"WooCommerceEventsTicketsExpireSelect":[""],"WooCommerceEventsTicketsExpireSelectTimestamp":[""],"WooCommerceEventsHour":["00"],"WooCommerceEventsMinutes":["00"],"WooCommerceEventsPeriod":[""],"WooCommerceEventsTimeZone":["Europe\/Bratislava"],"WooCommerceEventsLocation":[""],"WooCommerceEventsTicketLogo":["https:\/\/miladasprivategarden.sk\/wp-content\/uploads\/2026\/04\/cropped-539476860_122164693916443712_489623434437922472_n-modified.png"],"WooCommerceEventsPrintTicketLogo":[""],"WooCommerceEventsTicketHeaderImage":[""],"WooCommerceEventsAddToWalletAttendeeLabel":[""],"WooCommerceEventsAddToWalletLocationLabel":[""],"WooCommerceEventsAddToWalletCardTitle":[""],"WooCommerceEventsAddToWalletCardHeader":[""],"WooCommerceEventsTicketText":[""],"WooCommerceEventsThankYouText":[""],"WooCommerceEventsEventDetailsText":[""],"WooCommerceEventsSupportContact":[""],"WooCommerceEventsHourEnd":["00"],"WooCommerceEventsMinutesEnd":["00"],"WooCommerceEventsEndPeriod":[""],"WooCommerceEventsAddEventbrite":[""],"WooCommerceEventsGPS":[""],"WooCommerceEventsDirections":[""],"WooCommerceEventsEmail":[""],"WooCommerceEventsTicketBackgroundColor":[""],"WooCommerceEventsTicketButtonColor":[""],"WooCommerceEventsTicketTextColor":[""],"WooCommerceEventsBackgroundColor":["#8a8d63"],"WooCommerceEventsTextColor":["#ffffff"],"WooCommerceEventsGoogleMaps":[""],"WooCommerceEventsTicketPurchaserDetails":["off"],"WooCommerceEventsTicketAddCalendar":["on"],"WooCommerceEventsTicketAddCalendarReminders":["a:1:{i:0;a:2:{s:6:\"amount\";s:1:\"1\";s:4:\"unit\";s:4:\"days\";}}"],"WooCommerceEventsTicketAttachICS":["on"],"WooCommerceEventsSelectGlobalTime":["off"],"WooCommerceEventsTicketDisplayDateTime":["on"],"WooCommerceEventsTicketDisplayBarcode":["on"],"WooCommerceEventsTicketDisplayPrice":["off"],"WooCommerceEventsTicketDisplayZoom":["off"],"WooCommerceEventsTicketDisplayAddToWallet":["off"],"WooCommerceEventsDisplayAddToWalletDate":["off"],"WooCommerceEventsDisplayAddToWalletAttendee":["off"],"WooCommerceEventsDisplayAddToWalletLocation":["off"],"WooCommerceEventsAddToWalletBackgroundColor":[""],"WooCommerceEventsTicketDisplayMultiDay":["off"],"WooCommerceEventsIncludeCustomAttendeeDetails":["off"],"WooCommerceEventsCaptureAttendeeDetails":["off"],"WooCommerceEventsCaptureAttendeeEmail":["off"],"WooCommerceEventsEmailAttendee":["off"],"WooCommerceEventsCaptureAttendeeTelephone":["off"],"WooCommerceEventsCaptureAttendeeCompany":["off"],"WooCommerceEventsCaptureAttendeeDesignation":["off"],"WooCommerceEventsUniqueEmail":["off"],"WooCommerceEventsSendEmailTickets":["on"],"WooCommerceEventsTicketIdentifierOutput":["ticketid"],"WooCommerceEventsTicketNumberOutput":["3"],"WooCommerceEventsTicketNumberPrefix":["MPG"],"WooCommerceEventsTicketNumberSuffix":[""],"WooCommerceEventsEmailSubjectSingle":["Vstupenky k objedn&aacute;vke {OrderNumber} - Milada&#039;s Private Garden"],"wooCommerceEventsEmailTicketAdmin":[""],"WooCommerceEventsExportUnpaidTickets":["off"],"WooCommerceEventsExportBillingDetails":["off"],"WooCommerceEventsTicketTheme":["\/data\/f\/1\/f1a72f25-830f-4020-abaf-e80f181b56a2\/miladasprivategarden.sk\/web\/wp-content\/uploads\/fooevents\/themes\/miladasprivategarden_ticket_theme"],"WooCommerceEventsPDFTicketTheme":["\/data\/f\/1\/f1a72f25-830f-4020-abaf-e80f181b56a2\/miladasprivategarden.sk\/web\/wp-content\/uploads\/fooevents\/themes\/miladasprivategarden_ticket_theme"],"WooCommerceEventsAttendeeOverride":["R\u00e9sztvev\u0151"],"WooCommerceEventsAttendeeOverridePlural":["R\u00e9sztvev\u0151k"],"WooCommerceEventsEventDetailsOverride":[""],"WooCommerceEventsTicketOverride":[""],"WooCommerceEventsTicketOverridePlural":[""],"WooCommerceEventsViewSeatingOptions":["off"],"WooCommerceEventsViewSeatingChart":["off"],"WooCommerceEventsViewSeatingOtherVariations":["off"],"WooCommerceEventsHideBookingsStockAvailability":["off"],"WooCommerceEventsViewBookingsStockDropdowns":["off"],"WooCommerceEventsViewOutOfStockBookings":["off"],"WooCommerceBadgeFieldTopLeft":[""],"WooCommerceBadgeFieldTopMiddle":[""],"WooCommerceBadgeFieldTopRight":[""],"WooCommerceBadgeField_a_4":[""],"WooCommerceBadgeFieldMiddleLeft":[""],"WooCommerceBadgeFieldMiddleMiddle":[""],"WooCommerceBadgeFieldMiddleRight":[""],"WooCommerceBadgeField_b_4":[""],"WooCommerceBadgeFieldBottomLeft":[""],"WooCommerceBadgeFieldBottomMiddle":[""],"WooCommerceBadgeFieldBottomRight":[""],"WooCommerceBadgeField_c_4":[""],"WooCommerceBadgeField_d_1":[""],"WooCommerceBadgeField_d_2":[""],"WooCommerceBadgeField_d_3":[""],"WooCommerceBadgeField_d_4":[""],"WooCommerceBadgeFieldTopLeft_logo":[""],"WooCommerceBadgeFieldTopMiddle_logo":[""],"WooCommerceBadgeFieldTopRight_logo":[""],"WooCommerceBadgeField_a_4_logo":[""],"WooCommerceBadgeFieldMiddleLeft_logo":[""],"WooCommerceBadgeFieldMiddleMiddle_logo":[""],"WooCommerceBadgeFieldMiddleRight_logo":[""],"WooCommerceBadgeField_b_4_logo":[""],"WooCommerceBadgeFieldBottomLeft_logo":[""],"WooCommerceBadgeFieldBottomMiddle_logo":[""],"WooCommerceBadgeFieldBottomRight_logo":[""],"WooCommerceBadgeField_c_4_logo":[""],"WooCommerceBadgeField_d_1_logo":[""],"WooCommerceBadgeField_d_2_logo":[""],"WooCommerceBadgeField_d_3_logo":[""],"WooCommerceBadgeField_d_4_logo":[""],"WooCommerceBadgeFieldTopLeft_custom":[""],"WooCommerceBadgeFieldTopMiddle_custom":[""],"WooCommerceBadgeFieldTopRight_custom":[""],"WooCommerceBadgeField_a_4_custom":[""],"WooCommerceBadgeFieldMiddleLeft_custom":[""],"WooCommerceBadgeFieldMiddleMiddle_custom":[""],"WooCommerceBadgeFieldMiddleRight_custom":[""],"WooCommerceBadgeField_b_4_custom":[""],"WooCommerceBadgeFieldBottomLeft_custom":[""],"WooCommerceBadgeFieldBottomMiddle_custom":[""],"WooCommerceBadgeFieldBottomRight_custom":[""],"WooCommerceBadgeField_c_4_custom":[""],"WooCommerceBadgeField_d_1_custom":[""],"WooCommerceBadgeField_d_2_custom":[""],"WooCommerceBadgeField_d_3_custom":[""],"WooCommerceBadgeField_d_4_custom":[""],"WooCommercePrintTicketSort":["most_recent"],"WooCommercePrintTicketNumbers":[""],"WooCommercePrintTicketOrders":[""],"WooCommercePrintTicketSize":["tickets_avery_letter_10"],"WooCommercePrintTicketNrColumns":["3"],"WooCommercePrintTicketNrRows":["3"],"site-sidebar-layout":["default"],"ast-site-content-layout":["default"],"site-content-style":["default"],"site-sidebar-style":["default"],"theme-transparent-header-meta":["default"],"stick-header-meta":["default"],"_WooCommerceEventsCounter":["40"],"cmplz_hide_cookiebanner":[""],"_regular_price":["19.50"],"_price":["19.50"],"_wpml_post_translation_editor_native":["no"],"_wpml_post_translation_editor_wpml":["wpml"],"_thumbnail_id":["4357"],"_stock":[null],"_last_translation_edit_mode":["native-editor"],"_top_nav_excluded":[""],"_cms_nav_minihome":[""],"_edit_lock":["1777624994:1"],"_manage_stock":["no"],"_edit_last":["1"],"WooCommerceEventsExpireMessage":[""],"WooCommerceEventsAddToWalletLogo":[""],"WooCommerceEventsAddToWalletImage":[""],"WooCommerceEventsAddToWalletDateLabel":[""],"WooCommerceEventsAddToWalletDateValue":[""],"WooCommerceEventsTicketDisplayBookings":["off"],"WooCommerceEventsBookingsDateOverride":["D\u00e1tum"],"WooCommerceEventsBookingsDateOverridePlural":["D\u00e1tumok"],"WooCommerceEventsBookingsBookingDetailsOverride":[""],"WooCommerceEventsBookingsBookingDetailsOverridePlural":[""],"WooCommerceEventsBookingsSlotOverride":["Id\u0151"],"WooCommerceEventsBookingsSlotOverridePlural":["Id\u0151k"],"WooCommerceEventsViewBookingsOptions":["checkout"],"WooCommerceEventsEventDetailsNewOrder":["off"],"WooCommerceEventsDisplayAttendeeNewOrder":["off"],"WooCommerceEventsDisplayBookingsNewOrder":["off"],"WooCommerceEventsDisplaySeatingsNewOrder":["off"],"WooCommerceEventsDisplayCustAttNewOrder":["off"],"WooCommerceEventsHideBookingsDisplayTime":["off"],"WooCommerceEventsHideBookingsSlotCalendar":["off"],"WooCommerceEventsBookingsMethod":["dateslot"],"WooCommerceEventsBookingsHideDateSingleDropDown":["off"],"WooCommerceEventsCutLinesPrintTicket":["on"],"WooCommerceEventsTicketBackgroundImage":[""],"WooCommerceEventsZoomDurationHour":["1"],"WooCommerceEventsZoomDurationMinute":["0"],"_wcml_average_rating":[null],"_wcml_review_count":[null],"_wcml_rating_count":[null],"astra-migrate-meta-layouts":["set"],"_uag_css_file_name":["uag-css-4376.css"],"_uag_page_assets":["a:9:{s:3:\"css\";s:260:\".uag-blocks-common-selector{z-index:var(--z-index-desktop) !important}@media(max-width: 976px){.uag-blocks-common-selector{z-index:var(--z-index-tablet) !important}}@media(max-width: 767px){.uag-blocks-common-selector{z-index:var(--z-index-mobile) !important}}\";s:2:\"js\";s:0:\"\";s:18:\"current_block_list\";a:8:{i:0;s:11:\"core\/search\";i:1;s:10:\"core\/group\";i:2;s:12:\"core\/heading\";i:3;s:17:\"core\/latest-posts\";i:4;s:20:\"core\/latest-comments\";i:5;s:13:\"core\/archives\";i:6;s:15:\"core\/categories\";i:7;s:21:\"woocommerce\/mini-cart\";}s:8:\"uag_flag\";b:0;s:11:\"uag_version\";s:10:\"1778176522\";s:6:\"gfonts\";a:0:{}s:10:\"gfonts_url\";s:0:\"\";s:12:\"gfonts_files\";a:0:{}s:14:\"uag_faq_layout\";b:0;}"],"_wc_rating_count":[""]},"uagb_featured_image_src":{"full":["https:\/\/miladasprivategarden.sk\/wp-content\/uploads\/2026\/04\/ticket_picture-scaled.jpg",1922,2560,false],"thumbnail":["https:\/\/miladasprivategarden.sk\/wp-content\/uploads\/2026\/04\/ticket_picture-150x150.jpg",150,150,true],"medium":["https:\/\/miladasprivategarden.sk\/wp-content\/uploads\/2026\/04\/ticket_picture-225x300.jpg",225,300,true],"medium_large":["https:\/\/miladasprivategarden.sk\/wp-content\/uploads\/2026\/04\/ticket_picture-768x1023.jpg",768,1023,true],"large":["https:\/\/miladasprivategarden.sk\/wp-content\/uploads\/2026\/04\/ticket_picture-769x1024.jpg",769,1024,true],"1536x1536":["https:\/\/miladasprivategarden.sk\/wp-content\/uploads\/2026\/04\/ticket_picture-1153x1536.jpg",1153,1536,true],"2048x2048":["https:\/\/miladasprivategarden.sk\/wp-content\/uploads\/2026\/04\/ticket_picture-1537x2048.jpg",1537,2048,true],"woocommerce_thumbnail":["https:\/\/miladasprivategarden.sk\/wp-content\/uploads\/2026\/04\/ticket_picture-300x300.jpg",300,300,true],"woocommerce_single":["https:\/\/miladasprivategarden.sk\/wp-content\/uploads\/2026\/04\/ticket_picture-600x799.jpg",600,799,true],"woocommerce_gallery_thumbnail":["https:\/\/miladasprivategarden.sk\/wp-content\/uploads\/2026\/04\/ticket_picture-100x100.jpg",100,100,true]},"uagb_author_info":{"display_name":"admin_af59g4we6f4few11ssw","author_link":"https:\/\/miladasprivategarden.sk\/hu\/author\/admin_af59g4we6f4few11ssw\/"},"uagb_comment_info":0,"uagb_excerpt":"Fedezze fel a Milada\u2019s Private Garden mag\u00e1nkert egyed\u00fcl\u00e1ll\u00f3 hangulat\u00e1t. Ez a bel\u00e9p\u0151 lehet\u0151v\u00e9 teszi, hogy megl\u00e1togassa a Bogya k\u00f6zs\u00e9gben tal\u00e1lhat\u00f3 \u00f6kol\u00f3giai kertet, ahol a term\u00e9szet, az inspir\u00e1ci\u00f3 \u00e9s a nyugalom harmonikus eg\u00e9ssz\u00e9 kapcsol\u00f3dik \u00f6ssze. A l\u00e1togat\u00e1s sor\u00e1n \u00e9lvezheti: \u2013 s\u00e9t\u00e1t a vir\u00e1gz\u00f3 \u00e1gy\u00e1sok \u00e9s d\u00edszn\u00f6v\u00e9nyek k\u00f6z\u00f6tt \u2013 term\u00e9szetes tavat \u00e9s pihen\u0151z\u00f3n\u00e1kat \u2013 inspir\u00e1ci\u00f3t saj\u00e1t kertj\u00e9hez&hellip;","_links":{"self":[{"href":"https:\/\/miladasprivategarden.sk\/hu\/wp-json\/wp\/v2\/product\/4376","targetHints":{"allow":["GET"]}}],"collection":[{"href":"https:\/\/miladasprivategarden.sk\/hu\/wp-json\/wp\/v2\/product"}],"about":[{"href":"https:\/\/miladasprivategarden.sk\/hu\/wp-json\/wp\/v2\/types\/product"}],"author":[{"embeddable":true,"href":"https:\/\/miladasprivategarden.sk\/hu\/wp-json\/wp\/v2\/users\/1"}],"wp:featuredmedia":[{"embeddable":true,"href":"https:\/\/miladasprivategarden.sk\/hu\/wp-json\/wp\/v2\/media\/4357"}],"wp:attachment":[{"href":"https:\/\/miladasprivategarden.sk\/hu\/wp-json\/wp\/v2\/media?parent=4376"}],"wp:term":[{"taxonomy":"product_brand","embeddable":true,"href":"https:\/\/miladasprivategarden.sk\/hu\/wp-json\/wp\/v2\/product_brand?post=4376"},{"taxonomy":"product_cat","embeddable":true,"href":"https:\/\/miladasprivategarden.sk\/hu\/wp-json\/wp\/v2\/product_cat?post=4376"},{"taxonomy":"product_tag","embeddable":true,"href":"https:\/\/miladasprivategarden.sk\/hu\/wp-json\/wp\/v2\/product_tag?post=4376"}],"curies":[{"name":"wp","href":"https:\/\/api.w.org\/{rel}","templated":true}]}}